{"id":28277,"date":"2024-03-27T12:05:26","date_gmt":"2024-03-27T11:05:26","guid":{"rendered":"https:\/\/micuna.com\/?post_type=product&#038;p=28277"},"modified":"2024-05-02T15:58:19","modified_gmt":"2024-05-02T13:58:19","slug":"commode-a-langer","status":"publish","type":"product","link":"https:\/\/micuna.com\/fr\/product\/chambres\/table-a-langer\/commode-a-langer\/","title":{"rendered":"Table \u00e0 langer"},"content":{"rendered":"<p><strong>Table \u00e0 Langer Camb-2006<\/strong><\/p>\n<p><strong>Dimensions ext. :<\/strong> Hauteur 102,3 x Longueur 83,7 x Prof. 49 cm<\/p>\n<p><strong>Mat\u00e9riau :<\/strong> H\u00eatre \/ MDF Laqu\u00e9 \/ Panneau de m\u00e9lamine<\/p>\n<p><strong>Couleur : <\/strong>Blanc &#8211; Cire naturelle \/ Anthracite &#8211; Cire naturelle<\/p>\n<p><strong>Caract\u00e9ristiques :<\/strong> Comprend un kit d&rsquo;ancrage mural \/ Comprend 1 tiroir et 1 \u00e9tag\u00e8re \/ Ne comprend pas le rev\u00eatement en plastique<\/p>\n<p><strong>En option<\/strong> : Rev\u00eatement en plastique \/ PL-1349 Plus 2 \/ \u00c9toiles grises &#8211; pois beige \/ Rabbits<\/p>\n","protected":false},"excerpt":{"rendered":"<p>Profitez du change de votre b\u00e9b\u00e9, en le transformant en un moment facile et pratique gr\u00e2ce \u00e0 la nouvelle commode \u00e0 langer CAMB-2006.<\/p>\n<p>Son design \u00e9l\u00e9gant facilite l&rsquo;organisation et l&rsquo;acc\u00e8s aux produits essentiels au soin de votre b\u00e9b\u00e9. Un meuble design qui d\u00e9corera la chambre d&rsquo;enfant !<\/p>\n","protected":false},"featured_media":28280,"template":"","meta":[],"product_brand":[],"product_cat":[2297,1810],"product_tag":[],"class_list":{"0":"post-28277","1":"product","2":"type-product","3":"status-publish","4":"has-post-thumbnail","6":"product_cat-table-a-langer","7":"product_cat-chambres","9":"first","10":"instock","11":"shipping-taxable","12":"product-type-simple"},"_links":{"self":[{"href":"https:\/\/micuna.com\/fr\/wp-json\/wp\/v2\/product\/28277","targetHints":{"allow":["GET"]}}],"collection":[{"href":"https:\/\/micuna.com\/fr\/wp-json\/wp\/v2\/product"}],"about":[{"href":"https:\/\/micuna.com\/fr\/wp-json\/wp\/v2\/types\/product"}],"wp:featuredmedia":[{"embeddable":true,"href":"https:\/\/micuna.com\/fr\/wp-json\/wp\/v2\/media\/28280"}],"wp:attachment":[{"href":"https:\/\/micuna.com\/fr\/wp-json\/wp\/v2\/media?parent=28277"}],"wp:term":[{"taxonomy":"product_brand","embeddable":true,"href":"https:\/\/micuna.com\/fr\/wp-json\/wp\/v2\/product_brand?post=28277"},{"taxonomy":"product_cat","embeddable":true,"href":"https:\/\/micuna.com\/fr\/wp-json\/wp\/v2\/product_cat?post=28277"},{"taxonomy":"product_tag","embeddable":true,"href":"https:\/\/micuna.com\/fr\/wp-json\/wp\/v2\/product_tag?post=28277"}],"curies":[{"name":"wp","href":"https:\/\/api.w.org\/{rel}","templated":true}]}}