{"id":28284,"date":"2024-03-27T12:43:55","date_gmt":"2024-03-27T11:43:55","guid":{"rendered":"https:\/\/micuna.com\/?post_type=product&#038;p=28284"},"modified":"2024-05-02T16:05:03","modified_gmt":"2024-05-02T14:05:03","slug":"baignoire-smart","status":"publish","type":"product","link":"https:\/\/micuna.com\/fr\/product\/chambres\/baignoire-smart\/","title":{"rendered":"Baignoire Smart"},"content":{"rendered":"<p><strong>BAIGNOIRE B-2002 SMART<\/strong><\/p>\n<p><strong>Dimensions ext. :<\/strong> Hauteur 91 x Longueur 83,7 x Prof. 58 cm<\/p>\n<p><strong>Mat\u00e9riau :<\/strong> H\u00eatre \/ Panneau de m\u00e9lamine<\/p>\n<p><strong>Couleur : <\/strong>Blanc \/ Waterwood<\/p>\n<p><strong>Caract\u00e9ristiques :<\/strong> Pieds tourn\u00e9s \/ 1 \u00e9tag\u00e8re \/ Avec 4 roulettes, dont deux avec freins. Enlevez les roulettes pour la rendre fixe \/ Comprend une bassine, un porte-savon, un trou d\u2019\u00e9vacuation et un rev\u00eatement (Blanc &#8211; \u00c9toiles grises et Waterwood &#8211; Rabbits) \/ Rev\u00eatement amovible<\/p>\n<p><strong>Poids Support\u00e9:\u00a0<\/strong>15 kg par \u00e9tag\u00e8re \/ 15 kg rev\u00eatement table \u00e0 langer<\/p>\n","protected":false},"excerpt":{"rendered":"<p>Fabriqu\u00e9e en bois de h\u00eatre, cette baignoire l\u00e9g\u00e8re pr\u00e9sente des pieds arrondis pour une sensation de modernit\u00e9 et de s\u00e9curit\u00e9. La nouvelle grande bassine red\u00e9finit l&rsquo;exp\u00e9rience du bain, en offrant plus de confort et en prolongeant la dur\u00e9e d\u2019utilisation. Comprend une bassine, un porte-savon et un drain pour faciliter l&rsquo;\u00e9vacuation de l&rsquo;eau. Pour faciliter sa mobilit\u00e9, elle est \u00e9quip\u00e9e de 4 roulettes, dont deux avec freins, bien qu&rsquo;elles puissent \u00eatre facilement enlev\u00e9es pour la rendre fixe.<\/p>\n<p>Vous pouvez retirer tous les accessoires et la transformer en un meuble d&rsquo;appoint moderne et pratique.<\/p>\n","protected":false},"featured_media":28290,"template":"","meta":[],"product_brand":[],"product_cat":[1810,2297,1846],"product_tag":[],"class_list":{"0":"post-28284","1":"product","2":"type-product","3":"status-publish","4":"has-post-thumbnail","6":"product_cat-chambres","7":"product_cat-table-a-langer","8":"product_cat-meubles-de-bain","10":"first","11":"instock","12":"shipping-taxable","13":"product-type-simple"},"_links":{"self":[{"href":"https:\/\/micuna.com\/fr\/wp-json\/wp\/v2\/product\/28284","targetHints":{"allow":["GET"]}}],"collection":[{"href":"https:\/\/micuna.com\/fr\/wp-json\/wp\/v2\/product"}],"about":[{"href":"https:\/\/micuna.com\/fr\/wp-json\/wp\/v2\/types\/product"}],"wp:featuredmedia":[{"embeddable":true,"href":"https:\/\/micuna.com\/fr\/wp-json\/wp\/v2\/media\/28290"}],"wp:attachment":[{"href":"https:\/\/micuna.com\/fr\/wp-json\/wp\/v2\/media?parent=28284"}],"wp:term":[{"taxonomy":"product_brand","embeddable":true,"href":"https:\/\/micuna.com\/fr\/wp-json\/wp\/v2\/product_brand?post=28284"},{"taxonomy":"product_cat","embeddable":true,"href":"https:\/\/micuna.com\/fr\/wp-json\/wp\/v2\/product_cat?post=28284"},{"taxonomy":"product_tag","embeddable":true,"href":"https:\/\/micuna.com\/fr\/wp-json\/wp\/v2\/product_tag?post=28284"}],"curies":[{"name":"wp","href":"https:\/\/api.w.org\/{rel}","templated":true}]}}