{"id":28300,"date":"2024-03-27T12:57:35","date_gmt":"2024-03-27T11:57:35","guid":{"rendered":"https:\/\/micuna.com\/?post_type=product&#038;p=28300"},"modified":"2024-04-04T12:52:55","modified_gmt":"2024-04-04T10:52:55","slug":"fauteuil-dallaitement-sophie","status":"publish","type":"product","link":"https:\/\/micuna.com\/fr\/product\/allaitement\/fauteuil-dallaitement-sophie\/","title":{"rendered":"Sophie Rocking-Chair D&rsquo;Allaitement"},"content":{"rendered":"<p><strong>FAUTEUIL D&rsquo;ALLAITEMENT SOPHIE<\/strong><\/p>\n<p><strong>Dimensions:<\/strong> Hauteur 98,5 x Largeur 61 x Profondeur 67 cm<\/p>\n<p><strong>Mat\u00e9riau:<\/strong> Mousse de polyur\u00e9thane \/ Pin \/ MDF laqu\u00e9<\/p>\n<p><strong>Couleurs de la bascule:<\/strong> Blanc \/ Waterwood<\/p>\n<p><strong>Poids Support\u00e9:\u00a0<\/strong>120 kg<\/p>\n<p><strong>Rev\u00eatement: <\/strong>Similicuir blanc \/ Soft Grey \/ Gris claire \/ Vert nid \/ Beige<\/p>\n<p><strong>Composition du Rev\u00eatement<\/strong>: Gris clair \/ Vert nid \/ Beige \/ 100 % PES<br \/>\nSimilicuir blanc 85 % PES 15 % CO<\/p>\n<p><strong>En option:<\/strong> Coussin \/ Housse porte-biberons \/ Lot de pieds fixes CP-1811<\/p>\n<p><strong>Caract\u00e9ristiques:<\/strong> Similicuir blanc: Facile \u00e0 nettoyer \/ *Les tissus Acualine sont faciles \u00e0 nettoyer et repoussent les taches: Soft Grey, Gris clair, Vert nid et Beige<\/p>\n","protected":false},"excerpt":{"rendered":"<p>Laissez-vous bercer par le doux balancement du nouveau rocking-chair Sophie, con\u00e7u pour offrir un confort in\u00e9gal\u00e9 \u00e0 chaque mouvement. Son design minimaliste et ses finitions impeccables lui permettent de s\u2019int\u00e9grer \u00e0 n&rsquo;importe quelle pi\u00e8ce de la maison, tandis que sa fonctionnalit\u00e9 r\u00e9pond parfaitement \u00e0 vos besoins de repos gr\u00e2ce aux appuis-t\u00eate lat\u00e9raux. Le nouveau rocking-chair Sophie fera de vos moments de d\u00e9tente une exp\u00e9rience inoubliable.<\/p>\n","protected":false},"featured_media":28303,"template":"","meta":[],"product_brand":[],"product_cat":[1808,1831,1850,1810],"product_tag":[],"class_list":{"0":"post-28300","1":"product","2":"type-product","3":"status-publish","4":"has-post-thumbnail","6":"product_cat-allaitement","7":"product_cat-tous-les-fauteuils-a-bascule","8":"product_cat-fauteiuils-a-bascule-d-allaitement","9":"product_cat-chambres","11":"first","12":"instock","13":"shipping-taxable","14":"product-type-simple"},"_links":{"self":[{"href":"https:\/\/micuna.com\/fr\/wp-json\/wp\/v2\/product\/28300","targetHints":{"allow":["GET"]}}],"collection":[{"href":"https:\/\/micuna.com\/fr\/wp-json\/wp\/v2\/product"}],"about":[{"href":"https:\/\/micuna.com\/fr\/wp-json\/wp\/v2\/types\/product"}],"wp:featuredmedia":[{"embeddable":true,"href":"https:\/\/micuna.com\/fr\/wp-json\/wp\/v2\/media\/28303"}],"wp:attachment":[{"href":"https:\/\/micuna.com\/fr\/wp-json\/wp\/v2\/media?parent=28300"}],"wp:term":[{"taxonomy":"product_brand","embeddable":true,"href":"https:\/\/micuna.com\/fr\/wp-json\/wp\/v2\/product_brand?post=28300"},{"taxonomy":"product_cat","embeddable":true,"href":"https:\/\/micuna.com\/fr\/wp-json\/wp\/v2\/product_cat?post=28300"},{"taxonomy":"product_tag","embeddable":true,"href":"https:\/\/micuna.com\/fr\/wp-json\/wp\/v2\/product_tag?post=28300"}],"curies":[{"name":"wp","href":"https:\/\/api.w.org\/{rel}","templated":true}]}}