{"id":28662,"date":"2024-04-18T13:07:22","date_gmt":"2024-04-18T11:07:22","guid":{"rendered":"https:\/\/micuna.com\/?post_type=product&#038;p=28662"},"modified":"2024-04-29T08:54:16","modified_gmt":"2024-04-29T06:54:16","slug":"dolce-magic-berceau","status":"publish","type":"product","link":"https:\/\/micuna.com\/fr\/product\/lit-bebe\/dolce-magic-berceau\/","title":{"rendered":"Dolce Magic Lit B\u00e9b\u00e9"},"content":{"rendered":"<p><strong>DOLCE MAGIC BERCEAU 120&#215;60<\/strong><\/p>\n<ul>\n<li><strong>Dimensions externes: <\/strong>Hauteur 107,5 \/ Longeur 125 \/ Largeur 66<\/li>\n<li><strong>Dimensions internes:\u00a0<\/strong>Longeur 117 \/ Largeur 59,5<\/li>\n<li><strong>Mat\u00e9riau:<\/strong> H\u00eatre \/ MDF laqu\u00e9 \/ M\u00e9thacrylate<\/li>\n<li><strong>Caract\u00e9ristiques: <\/strong>Comprend un panneau lumineux LED avec motif \u00e9toil\u00e9 \/ Fonctionne \u00e0 piles\/ Avec 4 roulettes, dont deux avec freins<\/li>\n<li><strong>En option: <\/strong>Tiroir CP-949 \/ Luxe Kit cododo CP-2007 ou CP-2008 \/ CP-1953 Kit desk \/ MONT-1863 Barri\u00e8re Montessori \/ Matelas 117 x 57 cm \/ Oreiller CH-570<\/li>\n<\/ul>\n","protected":false},"excerpt":{"rendered":"<p>DOLCE MAGIC BERCEAU 120&#215;60 Dimensions externes: Hauteur 107,5 \/ Longeur 125 \/ Largeur 66 Dimensions internes:\u00a0Longeur 117 \/ Largeur 59,5 Mat\u00e9riau: H\u00eatre \/ MDF laqu\u00e9 \/ M\u00e9thacrylate Caract\u00e9ristiques: Comprend un panneau lumineux LED avec motif \u00e9toil\u00e9 \/ Fonctionne \u00e0 piles\/ Avec 4 roulettes, dont deux avec freins En option: Tiroir CP-949 \/ Luxe Kit cododo CP-2007 ou CP-2008 \/ CP-1953 Kit desk [&hellip;]<\/p>\n","protected":false},"featured_media":28650,"template":"","meta":[],"product_brand":[],"product_cat":[1805,2074,1814,1804],"product_tag":[2290],"class_list":{"0":"post-28662","1":"product","2":"type-product","3":"status-publish","4":"has-post-thumbnail","6":"product_cat-lit-bebe","7":"product_cat-berceaux-cododo-fr","8":"product_cat-tous-les-berceaux","9":"product_cat-cododo","10":"product_tag-coleccion-dolce-magic","12":"first","13":"instock","14":"shipping-taxable","15":"product-type-simple"},"_links":{"self":[{"href":"https:\/\/micuna.com\/fr\/wp-json\/wp\/v2\/product\/28662","targetHints":{"allow":["GET"]}}],"collection":[{"href":"https:\/\/micuna.com\/fr\/wp-json\/wp\/v2\/product"}],"about":[{"href":"https:\/\/micuna.com\/fr\/wp-json\/wp\/v2\/types\/product"}],"wp:featuredmedia":[{"embeddable":true,"href":"https:\/\/micuna.com\/fr\/wp-json\/wp\/v2\/media\/28650"}],"wp:attachment":[{"href":"https:\/\/micuna.com\/fr\/wp-json\/wp\/v2\/media?parent=28662"}],"wp:term":[{"taxonomy":"product_brand","embeddable":true,"href":"https:\/\/micuna.com\/fr\/wp-json\/wp\/v2\/product_brand?post=28662"},{"taxonomy":"product_cat","embeddable":true,"href":"https:\/\/micuna.com\/fr\/wp-json\/wp\/v2\/product_cat?post=28662"},{"taxonomy":"product_tag","embeddable":true,"href":"https:\/\/micuna.com\/fr\/wp-json\/wp\/v2\/product_tag?post=28662"}],"curies":[{"name":"wp","href":"https:\/\/api.w.org\/{rel}","templated":true}]}}