{"id":28685,"date":"2024-04-23T12:12:12","date_gmt":"2024-04-23T10:12:12","guid":{"rendered":"https:\/\/micuna.com\/?post_type=product&#038;p=28685"},"modified":"2024-05-07T16:06:30","modified_gmt":"2024-05-07T14:06:30","slug":"swing-armoire","status":"publish","type":"product","link":"https:\/\/micuna.com\/fr\/product\/chambres\/armoires\/swing-armoire\/","title":{"rendered":"Swing Armoire"},"content":{"rendered":"<p><strong>ARMOIRE SWING A-1835<\/strong><\/p>\n<p><strong>Dimensions externes:\u00a0<\/strong>Hauteur 185 \/ Largeur 111,3 \/ Profondeur 61,5<br \/>\n<strong> Mat\u00e9riau: <\/strong>H\u00eatre \/ MDF laqu\u00e9 \/ Panneau de m\u00e9lamine<br \/>\n<strong>Couleur: <\/strong>Blanc \/ Cire naturelle<br \/>\n<strong>Poids support\u00e9: <\/strong>15 kg tiroir \/ \u00e9tag\u00e8re<strong><br \/>\nCaract\u00e9ristiques: <\/strong>2 portes avec syst\u00e8me push \/ 2 tiroirs avec syst\u00e8me Soft Closing \/ Tringle avec barre lumineuse LED et 3 petites \u00e9tag\u00e8res<strong><br \/>\n<\/strong><\/p>\n","protected":false},"excerpt":{"rendered":"<p>ARMOIRE SWING A-1835 Dimensions externes:\u00a0Hauteur 185 \/ Largeur 111,3 \/ Profondeur 61,5 Mat\u00e9riau: H\u00eatre \/ MDF laqu\u00e9 \/ Panneau de m\u00e9lamine Couleur: Blanc \/ Cire naturelle Poids support\u00e9: 15 kg tiroir \/ \u00e9tag\u00e8re Caract\u00e9ristiques: 2 portes avec syst\u00e8me push \/ 2 tiroirs avec syst\u00e8me Soft Closing \/ Tringle avec barre lumineuse LED et 3 petites \u00e9tag\u00e8res<\/p>\n","protected":false},"featured_media":28593,"template":"","meta":[],"product_brand":[],"product_cat":[1845],"product_tag":[1921],"class_list":{"0":"post-28685","1":"product","2":"type-product","3":"status-publish","4":"has-post-thumbnail","6":"product_cat-armoires","7":"product_tag-collection-swing","9":"first","10":"instock","11":"shipping-taxable","12":"product-type-simple"},"_links":{"self":[{"href":"https:\/\/micuna.com\/fr\/wp-json\/wp\/v2\/product\/28685","targetHints":{"allow":["GET"]}}],"collection":[{"href":"https:\/\/micuna.com\/fr\/wp-json\/wp\/v2\/product"}],"about":[{"href":"https:\/\/micuna.com\/fr\/wp-json\/wp\/v2\/types\/product"}],"wp:featuredmedia":[{"embeddable":true,"href":"https:\/\/micuna.com\/fr\/wp-json\/wp\/v2\/media\/28593"}],"wp:attachment":[{"href":"https:\/\/micuna.com\/fr\/wp-json\/wp\/v2\/media?parent=28685"}],"wp:term":[{"taxonomy":"product_brand","embeddable":true,"href":"https:\/\/micuna.com\/fr\/wp-json\/wp\/v2\/product_brand?post=28685"},{"taxonomy":"product_cat","embeddable":true,"href":"https:\/\/micuna.com\/fr\/wp-json\/wp\/v2\/product_cat?post=28685"},{"taxonomy":"product_tag","embeddable":true,"href":"https:\/\/micuna.com\/fr\/wp-json\/wp\/v2\/product_tag?post=28685"}],"curies":[{"name":"wp","href":"https:\/\/api.w.org\/{rel}","templated":true}]}}