{"id":28696,"date":"2024-04-23T13:51:27","date_gmt":"2024-04-23T11:51:27","guid":{"rendered":"https:\/\/micuna.com\/?post_type=product&#038;p=28696"},"modified":"2024-04-24T08:26:50","modified_gmt":"2024-04-24T06:26:50","slug":"rabbits-parure-de-lit-90x70","status":"publish","type":"product","link":"https:\/\/micuna.com\/fr\/product\/mini-berceaux\/textile-mini-berceaux\/rabbits-parure-de-lit-90x70\/","title":{"rendered":"Rabbits Parure de Lit 90&#215;70"},"content":{"rendered":"<p><strong>RABBITS TX-2007 PARURE DE LIT 90&#215;70<\/strong><\/p>\n<p><strong>Composition :<\/strong> Percale et mousseline 100 % CO<br \/>\n<strong>Couleur :<\/strong> Blanc \/ Sable<br \/>\n<strong>Caract\u00e9ristiques:<\/strong> Couette r\u00e9versible \/ La couette et le protecteur sont tous deux d\u00e9houssables Les deux \u00e9l\u00e9ments comprennent un rembourrage<\/p>\n","protected":false},"excerpt":{"rendered":"<p>RABBITS TX-2007 PARURE DE LIT 90&#215;70 Composition : Percale et mousseline 100 % CO Couleur : Blanc \/ Sable Caract\u00e9ristiques: Couette r\u00e9versible \/ La couette et le protecteur sont tous deux d\u00e9houssables Les deux \u00e9l\u00e9ments comprennent un rembourrage<\/p>\n","protected":false},"featured_media":28590,"template":"","meta":[],"product_brand":[],"product_cat":[1826],"product_tag":[],"class_list":{"0":"post-28696","1":"product","2":"type-product","3":"status-publish","4":"has-post-thumbnail","6":"product_cat-textile-mini-berceaux","8":"first","9":"instock","10":"shipping-taxable","11":"product-type-simple"},"_links":{"self":[{"href":"https:\/\/micuna.com\/fr\/wp-json\/wp\/v2\/product\/28696","targetHints":{"allow":["GET"]}}],"collection":[{"href":"https:\/\/micuna.com\/fr\/wp-json\/wp\/v2\/product"}],"about":[{"href":"https:\/\/micuna.com\/fr\/wp-json\/wp\/v2\/types\/product"}],"wp:featuredmedia":[{"embeddable":true,"href":"https:\/\/micuna.com\/fr\/wp-json\/wp\/v2\/media\/28590"}],"wp:attachment":[{"href":"https:\/\/micuna.com\/fr\/wp-json\/wp\/v2\/media?parent=28696"}],"wp:term":[{"taxonomy":"product_brand","embeddable":true,"href":"https:\/\/micuna.com\/fr\/wp-json\/wp\/v2\/product_brand?post=28696"},{"taxonomy":"product_cat","embeddable":true,"href":"https:\/\/micuna.com\/fr\/wp-json\/wp\/v2\/product_cat?post=28696"},{"taxonomy":"product_tag","embeddable":true,"href":"https:\/\/micuna.com\/fr\/wp-json\/wp\/v2\/product_tag?post=28696"}],"curies":[{"name":"wp","href":"https:\/\/api.w.org\/{rel}","templated":true}]}}