{"id":28726,"date":"2024-04-24T09:41:46","date_gmt":"2024-04-24T07:41:46","guid":{"rendered":"https:\/\/micuna.com\/?post_type=product&#038;p=28726"},"modified":"2024-04-24T11:38:54","modified_gmt":"2024-04-24T09:38:54","slug":"matelas-viscoelastique-lit-bebe-90x50","status":"publish","type":"product","link":"https:\/\/micuna.com\/fr\/product\/mini-berceaux\/matelas-berceaux\/matelas-viscoelastique-lit-bebe-90x50\/","title":{"rendered":"Matelas Viscoelastique Lit B\u00e9b\u00e9 90&#215;50"},"content":{"rendered":"<p><strong>MATELAS VISCO\u00c9LASTIQUE 90&#215;50<\/strong><\/p>\n<p><strong>Caract\u00e9ristiques:<\/strong><strong><br \/>\n<\/strong>&#8211; Traitement anti-acariens. Emp\u00eache la prolif\u00e9ration d&rsquo;acariens<br \/>\n&#8211; Toucher doux<br \/>\n&#8211; Respirant<br \/>\n&#8211; Il s\u2019adapte au corps sous l&rsquo;influence de la temp\u00e9rature corporelle<br \/>\n&#8211; Mousse de 18 kg avec deux couches de visco de 1\u00a0cm<br \/>\n&#8211; Liser\u00e9 blanc<br \/>\n&#8211; Tissu extensible personnalis\u00e9 micuna sans matelassage<br \/>\n&#8211; Fabriqu\u00e9 en Espagne<\/p>\n","protected":false},"excerpt":{"rendered":"<p>MATELAS VISCO\u00c9LASTIQUE 90&#215;50 Caract\u00e9ristiques: &#8211; Traitement anti-acariens. Emp\u00eache la prolif\u00e9ration d&rsquo;acariens &#8211; Toucher doux &#8211; Respirant &#8211; Il s\u2019adapte au corps sous l&rsquo;influence de la temp\u00e9rature corporelle &#8211; Mousse de 18 kg avec deux couches de visco de 1\u00a0cm &#8211; Liser\u00e9 blanc &#8211; Tissu extensible personnalis\u00e9 micuna sans matelassage &#8211; Fabriqu\u00e9 en Espagne<\/p>\n","protected":false},"featured_media":28687,"template":"","meta":[],"product_brand":[],"product_cat":[2293],"product_tag":[2286],"class_list":{"0":"post-28726","1":"product","2":"type-product","3":"status-publish","4":"has-post-thumbnail","6":"product_cat-matelas-berceaux","7":"product_tag-coleccion-converbaby","9":"first","10":"instock","11":"shipping-taxable","12":"product-type-simple"},"_links":{"self":[{"href":"https:\/\/micuna.com\/fr\/wp-json\/wp\/v2\/product\/28726","targetHints":{"allow":["GET"]}}],"collection":[{"href":"https:\/\/micuna.com\/fr\/wp-json\/wp\/v2\/product"}],"about":[{"href":"https:\/\/micuna.com\/fr\/wp-json\/wp\/v2\/types\/product"}],"wp:featuredmedia":[{"embeddable":true,"href":"https:\/\/micuna.com\/fr\/wp-json\/wp\/v2\/media\/28687"}],"wp:attachment":[{"href":"https:\/\/micuna.com\/fr\/wp-json\/wp\/v2\/media?parent=28726"}],"wp:term":[{"taxonomy":"product_brand","embeddable":true,"href":"https:\/\/micuna.com\/fr\/wp-json\/wp\/v2\/product_brand?post=28726"},{"taxonomy":"product_cat","embeddable":true,"href":"https:\/\/micuna.com\/fr\/wp-json\/wp\/v2\/product_cat?post=28726"},{"taxonomy":"product_tag","embeddable":true,"href":"https:\/\/micuna.com\/fr\/wp-json\/wp\/v2\/product_tag?post=28726"}],"curies":[{"name":"wp","href":"https:\/\/api.w.org\/{rel}","templated":true}]}}