{"id":28893,"date":"2025-03-21T09:55:14","date_gmt":"2025-03-21T08:55:14","guid":{"rendered":"https:\/\/micuna.com\/?post_type=product&#038;p=28893"},"modified":"2026-01-20T16:43:52","modified_gmt":"2026-01-20T15:43:52","slug":"lupita-cot","status":"publish","type":"product","link":"https:\/\/micuna.com\/fr\/product\/lit-bebe\/tous-les-berceaux\/lupita-cot\/","title":{"rendered":"Lupita lit b\u00e9b\u00e9"},"content":{"rendered":"<p><strong>LUPITA LIT B\u00c9B\u00c9 60&#215;120<\/strong><\/p>\n<ul>\n<li><strong>Mesure ext.<\/strong> : Hauteur 99 x Largeur 65,5 x Longueur 120 cm<\/li>\n<li><strong>Int. Mesure:<\/strong> 117 x 59,5 cm<\/li>\n<li><strong>Mat\u00e9riel:<\/strong> H\u00eatre, MDF laqu\u00e9<\/li>\n<li><strong>Couleurs:<\/strong> Blanc-Bois<\/li>\n<li><strong>Features: <\/strong>Disponible avec ou sans s\u00e9rigraphie \/ C\u00f4t\u00e9 mobile \/ Vous pouvez retirer le panneau lat\u00e9ral et ajouter la barri\u00e8re de s\u00e9curit\u00e9 \/ Base \u00e0 5 lits ou positions de co-couchage \/ Avec 4 roulettes, dont deux ont des freins<\/li>\n<li><strong>En option:<\/strong> Tiroir CP-949 Luxe \/ table \u00e0 langer pour lit b\u00e9b\u00e9 CP-744 \/ Kit cododo CP-2007 \/ Kit de bureau CP-1953 \/ Kit double CP-1774 \/ MONT-1863 Barri\u00e8re Montessori \/ Matelas 117 x 57 cm \/ Oreiller CH-570<\/li>\n<\/ul>\n<p>Fabriqu\u00e9 avec du bois provenant de for\u00eats durables et des peintures \u00e0 base d\u2019eau non toxiques.<\/p>\n<p>Chez Micuna, nous cr\u00e9ons des produits \u00e9volutifs, multifonctionnels et \u00e9cologiques<\/p>\n","protected":false},"excerpt":{"rendered":"<p>LUPITA LIT B\u00c9B\u00c9 60&#215;120 Mesure ext. : Hauteur 99 x Largeur 65,5 x Longueur 120 cm Int. Mesure: 117 x 59,5 cm Mat\u00e9riel: H\u00eatre, MDF laqu\u00e9 Couleurs: Blanc-Bois Features: Disponible avec ou sans s\u00e9rigraphie \/ C\u00f4t\u00e9 mobile \/ Vous pouvez retirer le panneau lat\u00e9ral et ajouter la barri\u00e8re de s\u00e9curit\u00e9 \/ Base \u00e0 5 lits ou positions de co-couchage \/ Avec 4 [&hellip;]<\/p>\n","protected":false},"featured_media":28885,"template":"","meta":[],"product_brand":[],"product_cat":[1805,1814,1804],"product_tag":[2307],"class_list":{"0":"post-28893","1":"product","2":"type-product","3":"status-publish","4":"has-post-thumbnail","6":"product_cat-lit-bebe","7":"product_cat-tous-les-berceaux","8":"product_cat-cododo","9":"product_tag-lupita","11":"first","12":"instock","13":"shipping-taxable","14":"product-type-simple"},"_links":{"self":[{"href":"https:\/\/micuna.com\/fr\/wp-json\/wp\/v2\/product\/28893","targetHints":{"allow":["GET"]}}],"collection":[{"href":"https:\/\/micuna.com\/fr\/wp-json\/wp\/v2\/product"}],"about":[{"href":"https:\/\/micuna.com\/fr\/wp-json\/wp\/v2\/types\/product"}],"wp:featuredmedia":[{"embeddable":true,"href":"https:\/\/micuna.com\/fr\/wp-json\/wp\/v2\/media\/28885"}],"wp:attachment":[{"href":"https:\/\/micuna.com\/fr\/wp-json\/wp\/v2\/media?parent=28893"}],"wp:term":[{"taxonomy":"product_brand","embeddable":true,"href":"https:\/\/micuna.com\/fr\/wp-json\/wp\/v2\/product_brand?post=28893"},{"taxonomy":"product_cat","embeddable":true,"href":"https:\/\/micuna.com\/fr\/wp-json\/wp\/v2\/product_cat?post=28893"},{"taxonomy":"product_tag","embeddable":true,"href":"https:\/\/micuna.com\/fr\/wp-json\/wp\/v2\/product_tag?post=28893"}],"curies":[{"name":"wp","href":"https:\/\/api.w.org\/{rel}","templated":true}]}}