{"id":29264,"date":"2026-02-24T15:43:23","date_gmt":"2026-02-24T14:43:23","guid":{"rendered":"https:\/\/micuna.com\/product\/non%20class\u00e9\/salonica-lit-bebe\/"},"modified":"2026-03-17T09:15:33","modified_gmt":"2026-03-17T08:15:33","slug":"salonica-lit-bebe","status":"publish","type":"product","link":"https:\/\/micuna.com\/fr\/product\/lit-bebe\/tous-les-berceaux\/salonica-lit-bebe\/","title":{"rendered":"Salonica lit b\u00e9b\u00e9"},"content":{"rendered":"<p><strong>SALONICA LIT B\u00c9B\u00c9 60 x 120 cm<\/strong><\/p>\n<ul>\n<li><strong>Ext. Measures:<\/strong> Largeur 80.8 x Hauteur 64.5 x Longeur 136 cm<\/li>\n<li><strong>Int. Measures:<\/strong> 117 x 59,5 cm<\/li>\n<li><strong>Material:<\/strong> H\u00eatre, MDF Laqu\u00e9<\/li>\n<li><strong>Couleur:<\/strong> Bois or Blanc<\/li>\n<li><strong>Caract\u00e9ristiques: <\/strong>R\u00e9glable sur 5 hauteurs de sommier or cododo positions \/ Convertible en cododo \/ Convertible en canap\u00e9 \/ Convertible en bureau \/ Tiroir inclus \/ C\u00f4t\u00e9s fixes<br \/>\nSans roulettes \/ Kit de cododo inclus \/ poids support\u00e9 20 kg<\/li>\n<li><strong>En option:<\/strong>\u00a0 Table \u00e0 langer pour lit b\u00e9b\u00e9 CP-744 \/ Matelas 117&#215;57 cm<\/li>\n<\/ul>\n","protected":false},"excerpt":{"rendered":"<p>SALONICA LIT B\u00c9B\u00c9 60 x 120 cm Ext. Measures: Largeur 80.8 x Hauteur 64.5 x Longeur 136 cm Int. Measures: 117 x 59,5 cm Material: H\u00eatre, MDF Laqu\u00e9 Couleur: Bois or Blanc Caract\u00e9ristiques: R\u00e9glable sur 5 hauteurs de sommier or cododo positions \/ Convertible en cododo \/ Convertible en canap\u00e9 \/ Convertible en bureau \/ Tiroir inclus \/ C\u00f4t\u00e9s fixes Sans roulettes [&hellip;]<\/p>\n","protected":false},"featured_media":29058,"template":"","meta":[],"product_brand":[],"product_cat":[2321,1814,1822],"product_tag":[2322],"class_list":{"0":"post-29264","1":"product","2":"type-product","3":"status-publish","4":"has-post-thumbnail","6":"product_cat-cododo-lit-bebe","7":"product_cat-tous-les-berceaux","8":"product_cat-textiles-berceaux","9":"product_tag-salonica","11":"first","12":"instock","13":"shipping-taxable","14":"product-type-simple"},"_links":{"self":[{"href":"https:\/\/micuna.com\/fr\/wp-json\/wp\/v2\/product\/29264","targetHints":{"allow":["GET"]}}],"collection":[{"href":"https:\/\/micuna.com\/fr\/wp-json\/wp\/v2\/product"}],"about":[{"href":"https:\/\/micuna.com\/fr\/wp-json\/wp\/v2\/types\/product"}],"wp:featuredmedia":[{"embeddable":true,"href":"https:\/\/micuna.com\/fr\/wp-json\/wp\/v2\/media\/29058"}],"wp:attachment":[{"href":"https:\/\/micuna.com\/fr\/wp-json\/wp\/v2\/media?parent=29264"}],"wp:term":[{"taxonomy":"product_brand","embeddable":true,"href":"https:\/\/micuna.com\/fr\/wp-json\/wp\/v2\/product_brand?post=29264"},{"taxonomy":"product_cat","embeddable":true,"href":"https:\/\/micuna.com\/fr\/wp-json\/wp\/v2\/product_cat?post=29264"},{"taxonomy":"product_tag","embeddable":true,"href":"https:\/\/micuna.com\/fr\/wp-json\/wp\/v2\/product_tag?post=29264"}],"curies":[{"name":"wp","href":"https:\/\/api.w.org\/{rel}","templated":true}]}}