{"id":29266,"date":"2026-02-24T15:59:45","date_gmt":"2026-02-24T14:59:45","guid":{"rendered":"https:\/\/micuna.com\/product\/non%20class\u00e9\/amaia-lit-bebe\/"},"modified":"2026-03-17T09:26:12","modified_gmt":"2026-03-17T08:26:12","slug":"amaia-lit-bebe","status":"publish","type":"product","link":"https:\/\/micuna.com\/fr\/product\/lit-bebe\/tous-les-berceaux\/amaia-lit-bebe\/","title":{"rendered":"Amaia Lit B\u00e9b\u00e9"},"content":{"rendered":"<p><strong>AMAIA LIT B\u00c9B\u00c9 60 x 120 cm<\/strong><\/p>\n<ul>\n<li><strong>Ext. Measures:<\/strong> Largeur 64.1 x Hauteur 81.5 x Longeur 120.6 cm<\/li>\n<li><strong>Int. Measures:<\/strong> 117 x 59,5 cm<\/li>\n<li><strong>Material:<\/strong> H\u00eatre, Panneau de m\u00e9lamine \/ Fr\u00eane, Panneau de m\u00e9lamine<\/li>\n<li><strong>Couleur:<\/strong> Bois &#8211; Blanc\u00a0 \/ Ch\u00eane clair- Vanille<\/li>\n<li><strong>Caract\u00e9ristiques: <\/strong>R\u00e9glable sur 5 hauteurs de sommier or cododo positions \/ Convertible en cododo \/\u00a0 C\u00f4t\u00e9s fixes \/ Pieds en m\u00e9tal<br \/>\nSans roulettes \/ Vous pouvez enlever le c\u00f4t\u00e9 et ajouter la barri\u00e8re de s\u00e9curit\u00e9\/ poids support\u00e9 20 kg<\/li>\n<li><strong>En option:<\/strong>\u00a0 Table \u00e0 langer pour lit b\u00e9b\u00e9 CP-744 \/ Matelas 117&#215;57 cm \/ Kit cododo CP-2007 \/ Barri\u00e8re Montessori MONT-1863<\/li>\n<\/ul>\n","protected":false},"excerpt":{"rendered":"<p>AMAIA LIT B\u00c9B\u00c9 60 x 120 cm Ext. Measures: Largeur 64.1 x Hauteur 81.5 x Longeur 120.6 cm Int. Measures: 117 x 59,5 cm Material: H\u00eatre, Panneau de m\u00e9lamine \/ Fr\u00eane, Panneau de m\u00e9lamine Couleur: Bois &#8211; Blanc\u00a0 \/ Ch\u00eane clair- Vanille Caract\u00e9ristiques: R\u00e9glable sur 5 hauteurs de sommier or cododo positions \/ Convertible en cododo \/\u00a0 C\u00f4t\u00e9s fixes \/ Pieds en [&hellip;]<\/p>\n","protected":false},"featured_media":29063,"template":"","meta":[],"product_brand":[],"product_cat":[2321,1805,1814,1804],"product_tag":[2323],"class_list":{"0":"post-29266","1":"product","2":"type-product","3":"status-publish","4":"has-post-thumbnail","6":"product_cat-cododo-lit-bebe","7":"product_cat-lit-bebe","8":"product_cat-tous-les-berceaux","9":"product_cat-cododo","10":"product_tag-amaia","12":"first","13":"instock","14":"shipping-taxable","15":"product-type-simple"},"_links":{"self":[{"href":"https:\/\/micuna.com\/fr\/wp-json\/wp\/v2\/product\/29266","targetHints":{"allow":["GET"]}}],"collection":[{"href":"https:\/\/micuna.com\/fr\/wp-json\/wp\/v2\/product"}],"about":[{"href":"https:\/\/micuna.com\/fr\/wp-json\/wp\/v2\/types\/product"}],"wp:featuredmedia":[{"embeddable":true,"href":"https:\/\/micuna.com\/fr\/wp-json\/wp\/v2\/media\/29063"}],"wp:attachment":[{"href":"https:\/\/micuna.com\/fr\/wp-json\/wp\/v2\/media?parent=29266"}],"wp:term":[{"taxonomy":"product_brand","embeddable":true,"href":"https:\/\/micuna.com\/fr\/wp-json\/wp\/v2\/product_brand?post=29266"},{"taxonomy":"product_cat","embeddable":true,"href":"https:\/\/micuna.com\/fr\/wp-json\/wp\/v2\/product_cat?post=29266"},{"taxonomy":"product_tag","embeddable":true,"href":"https:\/\/micuna.com\/fr\/wp-json\/wp\/v2\/product_tag?post=29266"}],"curies":[{"name":"wp","href":"https:\/\/api.w.org\/{rel}","templated":true}]}}