{"id":29268,"date":"2026-02-24T16:11:37","date_gmt":"2026-02-24T15:11:37","guid":{"rendered":"https:\/\/micuna.com\/product\/non%20class\u00e9\/big-amaia-lit-bebe\/"},"modified":"2026-03-17T09:45:23","modified_gmt":"2026-03-17T08:45:23","slug":"big-amaia-lit-bebe","status":"publish","type":"product","link":"https:\/\/micuna.com\/fr\/product\/lit-bebe\/big-amaia-lit-bebe\/","title":{"rendered":"Big Amaia Lit B\u00e9b\u00e9"},"content":{"rendered":"<p><strong>BIG AMAIA LIT B\u00c9B\u00c9 70 x 140 cm<\/strong><\/p>\n<ul>\n<li><strong>Ext. Measures:<\/strong> Largeur 74.6 x Hauteur 81.5 x Longeur 143.6 cm<\/li>\n<li><strong>Int. Measures:<\/strong> 140 x 70 cm<\/li>\n<li><strong>Material:<\/strong> H\u00eatre, Panneau de m\u00e9lamine \/ Fr\u00eane, Panneau de m\u00e9lamine<\/li>\n<li><strong>Couleur:<\/strong> Bois &#8211; Blanc\u00a0 \/ Ch\u00eane clair- Vanille<\/li>\n<li><strong>Caract\u00e9ristiques: <\/strong>R\u00e9glable sur 2 hauteurs de sommier\u00a0 \/ Convertible en lit \/\u00a0 C\u00f4t\u00e9s fixes \/ Pieds en m\u00e9talSans roulettes \/poids support\u00e9 30 kg<\/li>\n<li><strong>En option:<\/strong>\u00a0 Matelas 137 x 67 cm \/\u00a0 Barri\u00e8re Montessori MONT-1863<\/li>\n<\/ul>\n","protected":false},"excerpt":{"rendered":"<p>BIG AMAIA LIT B\u00c9B\u00c9 70 x 140 cm Ext. Measures: Largeur 74.6 x Hauteur 81.5 x Longeur 143.6 cm Int. Measures: 140 x 70 cm Material: H\u00eatre, Panneau de m\u00e9lamine \/ Fr\u00eane, Panneau de m\u00e9lamine Couleur: Bois &#8211; Blanc\u00a0 \/ Ch\u00eane clair- Vanille Caract\u00e9ristiques: R\u00e9glable sur 2 hauteurs de sommier\u00a0 \/ Convertible en lit \/\u00a0 C\u00f4t\u00e9s fixes \/ Pieds en m\u00e9talSans roulettes [&hellip;]<\/p>\n","protected":false},"featured_media":29068,"template":"","meta":[],"product_brand":[],"product_cat":[1805],"product_tag":[2324],"class_list":{"0":"post-29268","1":"product","2":"type-product","3":"status-publish","4":"has-post-thumbnail","6":"product_cat-lit-bebe","7":"product_tag-big-amaia","9":"first","10":"instock","11":"shipping-taxable","12":"product-type-simple"},"_links":{"self":[{"href":"https:\/\/micuna.com\/fr\/wp-json\/wp\/v2\/product\/29268","targetHints":{"allow":["GET"]}}],"collection":[{"href":"https:\/\/micuna.com\/fr\/wp-json\/wp\/v2\/product"}],"about":[{"href":"https:\/\/micuna.com\/fr\/wp-json\/wp\/v2\/types\/product"}],"wp:featuredmedia":[{"embeddable":true,"href":"https:\/\/micuna.com\/fr\/wp-json\/wp\/v2\/media\/29068"}],"wp:attachment":[{"href":"https:\/\/micuna.com\/fr\/wp-json\/wp\/v2\/media?parent=29268"}],"wp:term":[{"taxonomy":"product_brand","embeddable":true,"href":"https:\/\/micuna.com\/fr\/wp-json\/wp\/v2\/product_brand?post=29268"},{"taxonomy":"product_cat","embeddable":true,"href":"https:\/\/micuna.com\/fr\/wp-json\/wp\/v2\/product_cat?post=29268"},{"taxonomy":"product_tag","embeddable":true,"href":"https:\/\/micuna.com\/fr\/wp-json\/wp\/v2\/product_tag?post=29268"}],"curies":[{"name":"wp","href":"https:\/\/api.w.org\/{rel}","templated":true}]}}