{"id":29270,"date":"2026-03-13T12:24:30","date_gmt":"2026-03-13T11:24:30","guid":{"rendered":"https:\/\/micuna.com\/product\/non%20class\u00e9\/big-fantine-lnit-bebe\/"},"modified":"2026-03-17T09:51:34","modified_gmt":"2026-03-17T08:51:34","slug":"big-fantine-lnit-bebe","status":"publish","type":"product","link":"https:\/\/micuna.com\/fr\/product\/mini-berceaux\/mini-berceaux-evolutifs\/big-fantine-lnit-bebe\/","title":{"rendered":"Big Fantine Lit B\u00e9b\u00e9"},"content":{"rendered":"<p><strong>BIG FANTINE LIT B\u00c9B\u00c9 70 x 140 cm<\/strong><\/p>\n<ul>\n<li><strong>Ext. Measures:<\/strong> Largeur 75 x Hauteur 87 x Longeur 145 cm<\/li>\n<li><strong>Int. Measures:<\/strong> 140 x 70 cm<\/li>\n<li><strong>Material:<\/strong> H\u00eatre<\/li>\n<li><strong>Couleur:<\/strong> Bois ou Blanc<\/li>\n<li><strong>Caract\u00e9ristiques: <\/strong>R\u00e9glable sur 2 hauteurs de sommier\u00a0 \/ Convertible en lit \/\u00a0 Convertible en canap\u00e9 \/ Barri\u00e8res interchangeables incluses \/Pieds inclus \/ poids support\u00e9 30 kg<\/li>\n<li><strong>En option:<\/strong>\u00a0 Matelas 137 x 67 cm<\/li>\n<\/ul>\n","protected":false},"excerpt":{"rendered":"<p>BIG FANTINE LIT B\u00c9B\u00c9 70 x 140 cm Ext. Measures: Largeur 75 x Hauteur 87 x Longeur 145 cm Int. Measures: 140 x 70 cm Material: H\u00eatre Couleur: Bois ou Blanc Caract\u00e9ristiques: R\u00e9glable sur 2 hauteurs de sommier\u00a0 \/ Convertible en lit \/\u00a0 Convertible en canap\u00e9 \/ Barri\u00e8res interchangeables incluses \/Pieds inclus \/ poids support\u00e9 30 kg En option:\u00a0 Matelas 137 x [&hellip;]<\/p>\n","protected":false},"featured_media":29100,"template":"","meta":[],"product_brand":[],"product_cat":[1814,1824],"product_tag":[2325],"class_list":{"0":"post-29270","1":"product","2":"type-product","3":"status-publish","4":"has-post-thumbnail","6":"product_cat-tous-les-berceaux","7":"product_cat-mini-berceaux-evolutifs","8":"product_tag-big-fantine","10":"first","11":"instock","12":"shipping-taxable","13":"product-type-simple"},"_links":{"self":[{"href":"https:\/\/micuna.com\/fr\/wp-json\/wp\/v2\/product\/29270","targetHints":{"allow":["GET"]}}],"collection":[{"href":"https:\/\/micuna.com\/fr\/wp-json\/wp\/v2\/product"}],"about":[{"href":"https:\/\/micuna.com\/fr\/wp-json\/wp\/v2\/types\/product"}],"wp:featuredmedia":[{"embeddable":true,"href":"https:\/\/micuna.com\/fr\/wp-json\/wp\/v2\/media\/29100"}],"wp:attachment":[{"href":"https:\/\/micuna.com\/fr\/wp-json\/wp\/v2\/media?parent=29270"}],"wp:term":[{"taxonomy":"product_brand","embeddable":true,"href":"https:\/\/micuna.com\/fr\/wp-json\/wp\/v2\/product_brand?post=29270"},{"taxonomy":"product_cat","embeddable":true,"href":"https:\/\/micuna.com\/fr\/wp-json\/wp\/v2\/product_cat?post=29270"},{"taxonomy":"product_tag","embeddable":true,"href":"https:\/\/micuna.com\/fr\/wp-json\/wp\/v2\/product_tag?post=29270"}],"curies":[{"name":"wp","href":"https:\/\/api.w.org\/{rel}","templated":true}]}}