{"id":29272,"date":"2026-02-24T16:19:20","date_gmt":"2026-02-24T15:19:20","guid":{"rendered":"https:\/\/micuna.com\/product\/non%20class\u00e9\/amaia-baignoire\/"},"modified":"2026-03-17T10:23:37","modified_gmt":"2026-03-17T09:23:37","slug":"amaia-baignoire","status":"publish","type":"product","link":"https:\/\/micuna.com\/fr\/product\/chambres\/meubles-de-bain\/amaia-baignoire\/","title":{"rendered":"Amaia Baignoire"},"content":{"rendered":"<p><strong>BAIGNOIRE B-2027 AMAIA<\/strong><\/p>\n<p><strong>Dimensions ext. :<\/strong> Hauteur 102.5\u00a0 x Longueur 79 x Prof. 49 cm<\/p>\n<p><strong>Mat\u00e9riau :<\/strong> Panneau de m\u00e9lamine<\/p>\n<p><strong>Couleur : <\/strong>Bois- Blanc \/ Ch\u00eane clair &#8211; Vanille<\/p>\n<p><strong>Caract\u00e9ristiques :<\/strong> Avec roulettes \/ Comprend une bassine, un porte-savon, un trou d&rsquo;\u00e9vacuation et un rev\u00eatement PL-622 Rabbits \/ 4 tiroirs avec syst\u00e8me Soft-closing\/ Comprend une bassine, un porte-savon, un trou d\u2019\u00e9vacuation et un plan \u00e0 langer avec rev\u00eatement Rabbits \/<\/p>\n<p><strong>Poids Support\u00e9:\u00a0<\/strong>15 kg par tiroir \/ 11 kg rev\u00eatement table \u00e0 langer \/ 9 kg bassine<\/p>\n","protected":false},"excerpt":{"rendered":"<p>BAIGNOIRE B-2027 AMAIA Dimensions ext. : Hauteur 102.5\u00a0 x Longueur 79 x Prof. 49 cm Mat\u00e9riau : Panneau de m\u00e9lamine Couleur : Bois- Blanc \/ Ch\u00eane clair &#8211; Vanille Caract\u00e9ristiques : Avec roulettes \/ Comprend une bassine, un porte-savon, un trou d&rsquo;\u00e9vacuation et un rev\u00eatement PL-622 Rabbits \/ 4 tiroirs avec syst\u00e8me Soft-closing\/ Comprend une bassine, un porte-savon, un trou d\u2019\u00e9vacuation et [&hellip;]<\/p>\n","protected":false},"featured_media":29073,"template":"","meta":[],"product_brand":[],"product_cat":[1810,1846],"product_tag":[2323],"class_list":{"0":"post-29272","1":"product","2":"type-product","3":"status-publish","4":"has-post-thumbnail","6":"product_cat-chambres","7":"product_cat-meubles-de-bain","8":"product_tag-amaia","10":"first","11":"instock","12":"shipping-taxable","13":"product-type-simple"},"_links":{"self":[{"href":"https:\/\/micuna.com\/fr\/wp-json\/wp\/v2\/product\/29272","targetHints":{"allow":["GET"]}}],"collection":[{"href":"https:\/\/micuna.com\/fr\/wp-json\/wp\/v2\/product"}],"about":[{"href":"https:\/\/micuna.com\/fr\/wp-json\/wp\/v2\/types\/product"}],"wp:featuredmedia":[{"embeddable":true,"href":"https:\/\/micuna.com\/fr\/wp-json\/wp\/v2\/media\/29073"}],"wp:attachment":[{"href":"https:\/\/micuna.com\/fr\/wp-json\/wp\/v2\/media?parent=29272"}],"wp:term":[{"taxonomy":"product_brand","embeddable":true,"href":"https:\/\/micuna.com\/fr\/wp-json\/wp\/v2\/product_brand?post=29272"},{"taxonomy":"product_cat","embeddable":true,"href":"https:\/\/micuna.com\/fr\/wp-json\/wp\/v2\/product_cat?post=29272"},{"taxonomy":"product_tag","embeddable":true,"href":"https:\/\/micuna.com\/fr\/wp-json\/wp\/v2\/product_tag?post=29272"}],"curies":[{"name":"wp","href":"https:\/\/api.w.org\/{rel}","templated":true}]}}