{"id":29273,"date":"2026-02-24T16:41:45","date_gmt":"2026-02-24T15:41:45","guid":{"rendered":"https:\/\/micuna.com\/product\/non%20class\u00e9\/amaia-armoire\/"},"modified":"2026-03-17T10:35:36","modified_gmt":"2026-03-17T09:35:36","slug":"amaia-armoire","status":"publish","type":"product","link":"https:\/\/micuna.com\/fr\/product\/chambres\/commodes\/amaia-armoire\/","title":{"rendered":"Amaia Commode"},"content":{"rendered":"<p><strong>COMMODE CO-2024 AMAIA<\/strong><\/p>\n<ul>\n<li><strong>Dimensions ext. :<\/strong> Hauteur 85 x Longueur 95.7 x Prof. 58 cm<\/li>\n<li><strong>Mat\u00e9riau :<\/strong> H\u00eatre -Panneau de m\u00e9lamine<\/li>\n<li><strong>Couleur : <\/strong>Bois- Blanc \/ Ch\u00eane clair &#8211; Vanille<\/li>\n<li><strong>Caract\u00e9ristiques :<\/strong> 3 tiroirs et 1 porte avec 2 \u00e9tag\u00e8res \/ Guides avec frein Soft Closing \/ Syst\u00e8me push\/ Syst\u00e8me anti-basculement \/ Pieds en m\u00e9tal<\/li>\n<li><strong>Poids Support\u00e9:\u00a0<\/strong>15 kg par tiroir<\/li>\n<li><strong>En option:<\/strong> Plan \u00e0 langer Amaia CP-2025<\/li>\n<\/ul>\n","protected":false},"excerpt":{"rendered":"<p>COMMODE CO-2024 AMAIA Dimensions ext. : Hauteur 85 x Longueur 95.7 x Prof. 58 cm Mat\u00e9riau : H\u00eatre -Panneau de m\u00e9lamine Couleur : Bois- Blanc \/ Ch\u00eane clair &#8211; Vanille Caract\u00e9ristiques : 3 tiroirs et 1 porte avec 2 \u00e9tag\u00e8res \/ Guides avec frein Soft Closing \/ Syst\u00e8me push\/ Syst\u00e8me anti-basculement \/ Pieds en m\u00e9tal Poids Support\u00e9:\u00a015 kg par tiroir En option: [&hellip;]<\/p>\n","protected":false},"featured_media":29354,"template":"","meta":[],"product_brand":[],"product_cat":[1810,1847],"product_tag":[2323],"class_list":{"0":"post-29273","1":"product","2":"type-product","3":"status-publish","4":"has-post-thumbnail","6":"product_cat-chambres","7":"product_cat-commodes","8":"product_tag-amaia","10":"first","11":"instock","12":"shipping-taxable","13":"product-type-simple"},"_links":{"self":[{"href":"https:\/\/micuna.com\/fr\/wp-json\/wp\/v2\/product\/29273","targetHints":{"allow":["GET"]}}],"collection":[{"href":"https:\/\/micuna.com\/fr\/wp-json\/wp\/v2\/product"}],"about":[{"href":"https:\/\/micuna.com\/fr\/wp-json\/wp\/v2\/types\/product"}],"wp:featuredmedia":[{"embeddable":true,"href":"https:\/\/micuna.com\/fr\/wp-json\/wp\/v2\/media\/29354"}],"wp:attachment":[{"href":"https:\/\/micuna.com\/fr\/wp-json\/wp\/v2\/media?parent=29273"}],"wp:term":[{"taxonomy":"product_brand","embeddable":true,"href":"https:\/\/micuna.com\/fr\/wp-json\/wp\/v2\/product_brand?post=29273"},{"taxonomy":"product_cat","embeddable":true,"href":"https:\/\/micuna.com\/fr\/wp-json\/wp\/v2\/product_cat?post=29273"},{"taxonomy":"product_tag","embeddable":true,"href":"https:\/\/micuna.com\/fr\/wp-json\/wp\/v2\/product_tag?post=29273"}],"curies":[{"name":"wp","href":"https:\/\/api.w.org\/{rel}","templated":true}]}}