{"id":29274,"date":"2026-03-13T12:15:18","date_gmt":"2026-03-13T11:15:18","guid":{"rendered":"https:\/\/micuna.com\/product\/non%20class\u00e9\/amaia-armoire-2\/"},"modified":"2026-03-17T10:42:03","modified_gmt":"2026-03-17T09:42:03","slug":"amaia-armoire-2","status":"publish","type":"product","link":"https:\/\/micuna.com\/fr\/product\/chambres\/armoires\/amaia-armoire-2\/","title":{"rendered":"Amaia Armoire"},"content":{"rendered":"<p><strong>ARMOIRE\u00a0 A-2028 AMAIA<\/strong><\/p>\n<ul>\n<li><strong>Dimensions ext. :<\/strong> Hauteur 172.5 x Longueur 95,7 x Prof. 58 cm<\/li>\n<li><strong>Mat\u00e9riau : <\/strong>Panneau de m\u00e9lamine<\/li>\n<li><strong>Couleur : <\/strong>Bois- Blanc \/ Ch\u00eane clair- Vanille<\/li>\n<li><strong>Caract\u00e9ristiques :<\/strong> 2 portes avec frein Soft Closing \/ Comprend une penderie \/ Comprend 6 \u00e9tag\u00e8res et 4 pieds en m\u00e9tal<\/li>\n<li><strong>Poids Support\u00e9:\u00a0<\/strong>15 kg par tiroir \/ \u00e9tag\u00e8re<\/li>\n<\/ul>\n","protected":false},"excerpt":{"rendered":"<p>ARMOIRE\u00a0 A-2028 AMAIA Dimensions ext. : Hauteur 172.5 x Longueur 95,7 x Prof. 58 cm Mat\u00e9riau : Panneau de m\u00e9lamine Couleur : Bois- Blanc \/ Ch\u00eane clair- Vanille Caract\u00e9ristiques : 2 portes avec frein Soft Closing \/ Comprend une penderie \/ Comprend 6 \u00e9tag\u00e8res et 4 pieds en m\u00e9tal Poids Support\u00e9:\u00a015 kg par tiroir \/ \u00e9tag\u00e8re<\/p>\n","protected":false},"featured_media":29083,"template":"","meta":[],"product_brand":[],"product_cat":[1810,1845],"product_tag":[2323],"class_list":{"0":"post-29274","1":"product","2":"type-product","3":"status-publish","4":"has-post-thumbnail","6":"product_cat-chambres","7":"product_cat-armoires","8":"product_tag-amaia","10":"first","11":"instock","12":"shipping-taxable","13":"product-type-simple"},"_links":{"self":[{"href":"https:\/\/micuna.com\/fr\/wp-json\/wp\/v2\/product\/29274","targetHints":{"allow":["GET"]}}],"collection":[{"href":"https:\/\/micuna.com\/fr\/wp-json\/wp\/v2\/product"}],"about":[{"href":"https:\/\/micuna.com\/fr\/wp-json\/wp\/v2\/types\/product"}],"wp:featuredmedia":[{"embeddable":true,"href":"https:\/\/micuna.com\/fr\/wp-json\/wp\/v2\/media\/29083"}],"wp:attachment":[{"href":"https:\/\/micuna.com\/fr\/wp-json\/wp\/v2\/media?parent=29274"}],"wp:term":[{"taxonomy":"product_brand","embeddable":true,"href":"https:\/\/micuna.com\/fr\/wp-json\/wp\/v2\/product_brand?post=29274"},{"taxonomy":"product_cat","embeddable":true,"href":"https:\/\/micuna.com\/fr\/wp-json\/wp\/v2\/product_cat?post=29274"},{"taxonomy":"product_tag","embeddable":true,"href":"https:\/\/micuna.com\/fr\/wp-json\/wp\/v2\/product_tag?post=29274"}],"curies":[{"name":"wp","href":"https:\/\/api.w.org\/{rel}","templated":true}]}}