{"id":29275,"date":"2026-02-24T16:52:01","date_gmt":"2026-02-24T15:52:01","guid":{"rendered":"https:\/\/micuna.com\/product\/non%20class\u00e9\/amaia-plan-a-langer\/"},"modified":"2026-03-17T10:38:47","modified_gmt":"2026-03-17T09:38:47","slug":"amaia-plan-a-langer","status":"publish","type":"product","link":"https:\/\/micuna.com\/fr\/product\/chambres\/plans-a-langer\/amaia-plan-a-langer\/","title":{"rendered":"Amaia Plan \u00e0 Langer"},"content":{"rendered":"<p><strong>PLAN A LANGER\u00a0 CP-2025 AMAIA<\/strong><\/p>\n<ul>\n<li><strong>Dimensions ext. :<\/strong> Hauteur 10 x Longueur 74 x Prof. 52 cm<\/li>\n<li><strong>Mat\u00e9riau : <\/strong>Panneau de m\u00e9lamine<\/li>\n<li><strong>Couleur : <\/strong>Bois ou Ch\u00eane clair<\/li>\n<li><strong>Caract\u00e9ristiques :<\/strong> Rev\u00eatement en plastique \/ Syst\u00e8me anti-basculement<\/li>\n<li><strong>Poids Support\u00e9:\u00a0<\/strong>15 kg<\/li>\n<\/ul>\n","protected":false},"excerpt":{"rendered":"<p>PLAN A LANGER\u00a0 CP-2025 AMAIA Dimensions ext. : Hauteur 10 x Longueur 74 x Prof. 52 cm Mat\u00e9riau : Panneau de m\u00e9lamine Couleur : Bois ou Ch\u00eane clair Caract\u00e9ristiques : Rev\u00eatement en plastique \/ Syst\u00e8me anti-basculement Poids Support\u00e9:\u00a015 kg<\/p>\n","protected":false},"featured_media":29485,"template":"","meta":[],"product_brand":[],"product_cat":[1810,1848],"product_tag":[2323],"class_list":{"0":"post-29275","1":"product","2":"type-product","3":"status-publish","4":"has-post-thumbnail","6":"product_cat-chambres","7":"product_cat-plans-a-langer","8":"product_tag-amaia","10":"first","11":"instock","12":"shipping-taxable","13":"product-type-simple"},"_links":{"self":[{"href":"https:\/\/micuna.com\/fr\/wp-json\/wp\/v2\/product\/29275","targetHints":{"allow":["GET"]}}],"collection":[{"href":"https:\/\/micuna.com\/fr\/wp-json\/wp\/v2\/product"}],"about":[{"href":"https:\/\/micuna.com\/fr\/wp-json\/wp\/v2\/types\/product"}],"wp:featuredmedia":[{"embeddable":true,"href":"https:\/\/micuna.com\/fr\/wp-json\/wp\/v2\/media\/29485"}],"wp:attachment":[{"href":"https:\/\/micuna.com\/fr\/wp-json\/wp\/v2\/media?parent=29275"}],"wp:term":[{"taxonomy":"product_brand","embeddable":true,"href":"https:\/\/micuna.com\/fr\/wp-json\/wp\/v2\/product_brand?post=29275"},{"taxonomy":"product_cat","embeddable":true,"href":"https:\/\/micuna.com\/fr\/wp-json\/wp\/v2\/product_cat?post=29275"},{"taxonomy":"product_tag","embeddable":true,"href":"https:\/\/micuna.com\/fr\/wp-json\/wp\/v2\/product_tag?post=29275"}],"curies":[{"name":"wp","href":"https:\/\/api.w.org\/{rel}","templated":true}]}}