{"id":29280,"date":"2026-03-13T13:44:12","date_gmt":"2026-03-13T12:44:12","guid":{"rendered":"https:\/\/micuna.com\/product\/non%20class\u00e9\/fantine-plan-a-langer\/"},"modified":"2026-03-17T11:54:00","modified_gmt":"2026-03-17T10:54:00","slug":"fantine-plan-a-langer","status":"publish","type":"product","link":"https:\/\/micuna.com\/fr\/product\/chambres\/plans-a-langer\/fantine-plan-a-langer\/","title":{"rendered":"Fantine Plan \u00e0 Langer"},"content":{"rendered":"<p><strong>PLAN A LANGER\u00a0 CP-2029 FANTINE<\/strong><\/p>\n<ul>\n<li><strong>Dimensions ext. :<\/strong> Hauteur 10 x Longueur 78 x Prof. 55 cm<\/li>\n<li><strong>Mat\u00e9riau : <\/strong>MDF laqu\u00e9 &#8211; Panneau plaqu\u00e9 en h\u00eatre<\/li>\n<li><strong>Couleur : <\/strong>Bois ou Blanc<\/li>\n<li><strong>Caract\u00e9ristiques :<\/strong> Rev\u00eatement en plastique Rabbits \/ Syst\u00e8me anti-basculement \/ Fixation murale incluse<\/li>\n<li><strong>Poids Support\u00e9:\u00a0<\/strong>15 kg<\/li>\n<\/ul>\n","protected":false},"excerpt":{"rendered":"<p>PLAN A LANGER\u00a0 CP-2029 FANTINE Dimensions ext. : Hauteur 10 x Longueur 78 x Prof. 55 cm Mat\u00e9riau : MDF laqu\u00e9 &#8211; Panneau plaqu\u00e9 en h\u00eatre Couleur : Bois ou Blanc Caract\u00e9ristiques : Rev\u00eatement en plastique Rabbits \/ Syst\u00e8me anti-basculement \/ Fixation murale incluse Poids Support\u00e9:\u00a015 kg<\/p>\n","protected":false},"featured_media":29515,"template":"","meta":[],"product_brand":[],"product_cat":[1810,1848],"product_tag":[2326],"class_list":{"0":"post-29280","1":"product","2":"type-product","3":"status-publish","4":"has-post-thumbnail","6":"product_cat-chambres","7":"product_cat-plans-a-langer","8":"product_tag-fantine","10":"first","11":"instock","12":"shipping-taxable","13":"product-type-simple"},"_links":{"self":[{"href":"https:\/\/micuna.com\/fr\/wp-json\/wp\/v2\/product\/29280","targetHints":{"allow":["GET"]}}],"collection":[{"href":"https:\/\/micuna.com\/fr\/wp-json\/wp\/v2\/product"}],"about":[{"href":"https:\/\/micuna.com\/fr\/wp-json\/wp\/v2\/types\/product"}],"wp:featuredmedia":[{"embeddable":true,"href":"https:\/\/micuna.com\/fr\/wp-json\/wp\/v2\/media\/29515"}],"wp:attachment":[{"href":"https:\/\/micuna.com\/fr\/wp-json\/wp\/v2\/media?parent=29280"}],"wp:term":[{"taxonomy":"product_brand","embeddable":true,"href":"https:\/\/micuna.com\/fr\/wp-json\/wp\/v2\/product_brand?post=29280"},{"taxonomy":"product_cat","embeddable":true,"href":"https:\/\/micuna.com\/fr\/wp-json\/wp\/v2\/product_cat?post=29280"},{"taxonomy":"product_tag","embeddable":true,"href":"https:\/\/micuna.com\/fr\/wp-json\/wp\/v2\/product_tag?post=29280"}],"curies":[{"name":"wp","href":"https:\/\/api.w.org\/{rel}","templated":true}]}}