{"id":29282,"date":"2026-03-13T13:07:10","date_gmt":"2026-03-13T12:07:10","guid":{"rendered":"https:\/\/micuna.com\/product\/non%20class\u00e9\/fantine-commode\/"},"modified":"2026-03-17T11:59:36","modified_gmt":"2026-03-17T10:59:36","slug":"fantine-commode","status":"publish","type":"product","link":"https:\/\/micuna.com\/fr\/product\/chambres\/commodes\/fantine-commode\/","title":{"rendered":"Fantine Commode"},"content":{"rendered":"<p><strong>COMMODE CO-2030 FANTINE<\/strong><\/p>\n<ul>\n<li><strong>Dimensions ext. :<\/strong> Hauteur 92 x Longueur 95.6 x Prof. 58,5 cm<\/li>\n<li><strong>Mat\u00e9riau :<\/strong> Panneau plaqu\u00e9en h\u00eatre &#8211; MDF laqu\u00e9<\/li>\n<li><strong>Couleur : <\/strong>Bois ou\u00a0 Blanc<\/li>\n<li><strong>Caract\u00e9ristiques :<\/strong> 3 tiroirs \/ Guides avec frein Soft Closing \/ SSyst\u00e8me anti-basculement \/ Pieds en bois<\/li>\n<li><strong>Poids Support\u00e9:\u00a0<\/strong>15 kg par tiroir<\/li>\n<li><strong>En option:<\/strong> Plan \u00e0 langer Fantine CP-2029<\/li>\n<\/ul>\n","protected":false},"excerpt":{"rendered":"<p>COMMODE CO-2030 FANTINE Dimensions ext. : Hauteur 92 x Longueur 95.6 x Prof. 58,5 cm Mat\u00e9riau : Panneau plaqu\u00e9en h\u00eatre &#8211; MDF laqu\u00e9 Couleur : Bois ou\u00a0 Blanc Caract\u00e9ristiques : 3 tiroirs \/ Guides avec frein Soft Closing \/ SSyst\u00e8me anti-basculement \/ Pieds en bois Poids Support\u00e9:\u00a015 kg par tiroir En option: Plan \u00e0 langer Fantine CP-2029<\/p>\n","protected":false},"featured_media":29207,"template":"","meta":[],"product_brand":[],"product_cat":[1810,1847],"product_tag":[2326],"class_list":{"0":"post-29282","1":"product","2":"type-product","3":"status-publish","4":"has-post-thumbnail","6":"product_cat-chambres","7":"product_cat-commodes","8":"product_tag-fantine","10":"first","11":"instock","12":"shipping-taxable","13":"product-type-simple"},"_links":{"self":[{"href":"https:\/\/micuna.com\/fr\/wp-json\/wp\/v2\/product\/29282","targetHints":{"allow":["GET"]}}],"collection":[{"href":"https:\/\/micuna.com\/fr\/wp-json\/wp\/v2\/product"}],"about":[{"href":"https:\/\/micuna.com\/fr\/wp-json\/wp\/v2\/types\/product"}],"wp:featuredmedia":[{"embeddable":true,"href":"https:\/\/micuna.com\/fr\/wp-json\/wp\/v2\/media\/29207"}],"wp:attachment":[{"href":"https:\/\/micuna.com\/fr\/wp-json\/wp\/v2\/media?parent=29282"}],"wp:term":[{"taxonomy":"product_brand","embeddable":true,"href":"https:\/\/micuna.com\/fr\/wp-json\/wp\/v2\/product_brand?post=29282"},{"taxonomy":"product_cat","embeddable":true,"href":"https:\/\/micuna.com\/fr\/wp-json\/wp\/v2\/product_cat?post=29282"},{"taxonomy":"product_tag","embeddable":true,"href":"https:\/\/micuna.com\/fr\/wp-json\/wp\/v2\/product_tag?post=29282"}],"curies":[{"name":"wp","href":"https:\/\/api.w.org\/{rel}","templated":true}]}}