{"id":29284,"date":"2026-03-13T14:01:32","date_gmt":"2026-03-13T13:01:32","guid":{"rendered":"https:\/\/micuna.com\/product\/non%20class\u00e9\/commode-curve-co-2026\/"},"modified":"2026-03-17T12:06:17","modified_gmt":"2026-03-17T11:06:17","slug":"commode-curve-co-2026","status":"publish","type":"product","link":"https:\/\/micuna.com\/fr\/product\/chambres\/commodes\/commode-curve-co-2026\/","title":{"rendered":"Commode Curve CO-2026"},"content":{"rendered":"<p><strong>COMMODE CO-2026 CURVE<\/strong><\/p>\n<ul>\n<li><strong>Dimensions ext. :<\/strong> Hauteur 90 x Longueur 100 x Prof. 57,5 cm<\/li>\n<li><strong>Mat\u00e9riau :<\/strong> Panneau de m\u00e9lamine &#8211; MDF laqu\u00e9<\/li>\n<li><strong>Couleur : <\/strong>Bois \/ Blanc-Bois \/ Blanc<\/li>\n<li><strong>Caract\u00e9ristiques :<\/strong> 3 tiroirs \/ Guides avec frein Soft Closing \/ SSyst\u00e8me anti-basculement \/ Pieds en bois<\/li>\n<li><strong>Poids Support\u00e9:\u00a0<\/strong>15 kg par tiroir<\/li>\n<li><strong>En option:<\/strong> Plan \u00e0 langer commode CP-1969<\/li>\n<\/ul>\n","protected":false},"excerpt":{"rendered":"<p>COMMODE CO-2026 CURVE Dimensions ext. : Hauteur 90 x Longueur 100 x Prof. 57,5 cm Mat\u00e9riau : Panneau de m\u00e9lamine &#8211; MDF laqu\u00e9 Couleur : Bois \/ Blanc-Bois \/ Blanc Caract\u00e9ristiques : 3 tiroirs \/ Guides avec frein Soft Closing \/ SSyst\u00e8me anti-basculement \/ Pieds en bois Poids Support\u00e9:\u00a015 kg par tiroir En option: Plan \u00e0 langer commode CP-1969<\/p>\n","protected":false},"featured_media":29214,"template":"","meta":[],"product_brand":[],"product_cat":[1810,1847],"product_tag":[2327],"class_list":{"0":"post-29284","1":"product","2":"type-product","3":"status-publish","4":"has-post-thumbnail","6":"product_cat-chambres","7":"product_cat-commodes","8":"product_tag-curve","10":"first","11":"instock","12":"shipping-taxable","13":"product-type-simple"},"_links":{"self":[{"href":"https:\/\/micuna.com\/fr\/wp-json\/wp\/v2\/product\/29284","targetHints":{"allow":["GET"]}}],"collection":[{"href":"https:\/\/micuna.com\/fr\/wp-json\/wp\/v2\/product"}],"about":[{"href":"https:\/\/micuna.com\/fr\/wp-json\/wp\/v2\/types\/product"}],"wp:featuredmedia":[{"embeddable":true,"href":"https:\/\/micuna.com\/fr\/wp-json\/wp\/v2\/media\/29214"}],"wp:attachment":[{"href":"https:\/\/micuna.com\/fr\/wp-json\/wp\/v2\/media?parent=29284"}],"wp:term":[{"taxonomy":"product_brand","embeddable":true,"href":"https:\/\/micuna.com\/fr\/wp-json\/wp\/v2\/product_brand?post=29284"},{"taxonomy":"product_cat","embeddable":true,"href":"https:\/\/micuna.com\/fr\/wp-json\/wp\/v2\/product_cat?post=29284"},{"taxonomy":"product_tag","embeddable":true,"href":"https:\/\/micuna.com\/fr\/wp-json\/wp\/v2\/product_tag?post=29284"}],"curies":[{"name":"wp","href":"https:\/\/api.w.org\/{rel}","templated":true}]}}