{"id":29287,"date":"2026-03-13T14:17:26","date_gmt":"2026-03-13T13:17:26","guid":{"rendered":"https:\/\/micuna.com\/product\/non%20class\u00e9\/new-green-life-kit-protecteur-couette\/"},"modified":"2026-03-17T13:54:41","modified_gmt":"2026-03-17T12:54:41","slug":"new-green-life-kit-protecteur-couette","status":"publish","type":"product","link":"https:\/\/micuna.com\/fr\/product\/berceaux-accesoires\/new-green-life-kit-protecteur-couette\/","title":{"rendered":"New Green Life Kit Protecteur + Couette 50 x 90 cm"},"content":{"rendered":"<p><strong>NEW GREEN LIFE TX-2009 KIT PROTECTEUR + COUETTE 50 x 90 cm<\/strong><\/p>\n<ul>\n<li><strong>Composition:<\/strong> Percale et mousseline 100 % coton<\/li>\n<li><strong>Dimensions: <\/strong><em>90 x 50 x 18 cm de hauteur<\/em><\/li>\n<li><strong>Caract\u00e9ristiques:<\/strong> Couette r\u00e9versible \/ Les deux \u00e9l\u00e9ments comprennent un rembourrage et sont d\u00e9houssables<\/li>\n<li><strong>Couleur:<\/strong> Vert &#8211; Blanc avec des motifs verts<\/li>\n<\/ul>\n","protected":false},"excerpt":{"rendered":"<p>NEW GREEN LIFE TX-2009 KIT PROTECTEUR + COUETTE 50 x 90 cm Composition: Percale et mousseline 100 % coton Dimensions: 90 x 50 x 18 cm de hauteur Caract\u00e9ristiques: Couette r\u00e9versible \/ Les deux \u00e9l\u00e9ments comprennent un rembourrage et sont d\u00e9houssables Couleur: Vert &#8211; Blanc avec des motifs verts<\/p>\n","protected":false},"featured_media":29231,"template":"","meta":[],"product_brand":[],"product_cat":[2328],"product_tag":[2329],"class_list":{"0":"post-29287","1":"product","2":"type-product","3":"status-publish","4":"has-post-thumbnail","6":"product_cat-berceaux-accesoires","7":"product_tag-new-green-life","9":"first","10":"instock","11":"shipping-taxable","12":"product-type-simple"},"_links":{"self":[{"href":"https:\/\/micuna.com\/fr\/wp-json\/wp\/v2\/product\/29287","targetHints":{"allow":["GET"]}}],"collection":[{"href":"https:\/\/micuna.com\/fr\/wp-json\/wp\/v2\/product"}],"about":[{"href":"https:\/\/micuna.com\/fr\/wp-json\/wp\/v2\/types\/product"}],"wp:featuredmedia":[{"embeddable":true,"href":"https:\/\/micuna.com\/fr\/wp-json\/wp\/v2\/media\/29231"}],"wp:attachment":[{"href":"https:\/\/micuna.com\/fr\/wp-json\/wp\/v2\/media?parent=29287"}],"wp:term":[{"taxonomy":"product_brand","embeddable":true,"href":"https:\/\/micuna.com\/fr\/wp-json\/wp\/v2\/product_brand?post=29287"},{"taxonomy":"product_cat","embeddable":true,"href":"https:\/\/micuna.com\/fr\/wp-json\/wp\/v2\/product_cat?post=29287"},{"taxonomy":"product_tag","embeddable":true,"href":"https:\/\/micuna.com\/fr\/wp-json\/wp\/v2\/product_tag?post=29287"}],"curies":[{"name":"wp","href":"https:\/\/api.w.org\/{rel}","templated":true}]}}