{"id":29288,"date":"2026-03-17T08:52:07","date_gmt":"2026-03-17T07:52:07","guid":{"rendered":"https:\/\/micuna.com\/product\/non%20class\u00e9\/lauki-kit-protecteur-couette-berceau-60-x-120\/"},"modified":"2026-03-17T14:02:53","modified_gmt":"2026-03-17T13:02:53","slug":"lauki-kit-protecteur-couette-berceau-60-x-120","status":"publish","type":"product","link":"https:\/\/micuna.com\/fr\/product\/lit-bebe\/complements-berceaux\/lauki-kit-protecteur-couette-berceau-60-x-120\/","title":{"rendered":"Lauki Kit Protecteur + Couette Berceau 60 x 120"},"content":{"rendered":"<p><strong>LAUKI\u00a0 TX-1650 KIT PROTECTEUR + COUETTE 60 x 120 cm<\/strong><\/p>\n<ul>\n<li><strong>Composition:<\/strong> Piqu\u00e9 waffle et popeline 100 % coton<\/li>\n<li><strong>Dimensions: <\/strong>120<em> x 60 x 38 cm de hauteur<\/em><\/li>\n<li><strong>Caract\u00e9ristiques:<\/strong> Couette r\u00e9versible \/ Les deux \u00e9l\u00e9ments comprennent un rembourrage et sont d\u00e9houssables<\/li>\n<li><strong>Couleur:<\/strong> Vert &#8211; Vichy \/ Beige &#8211; Vichy<\/li>\n<\/ul>\n","protected":false},"excerpt":{"rendered":"<p>LAUKI\u00a0 TX-1650 KIT PROTECTEUR + COUETTE 60 x 120 cm Composition: Piqu\u00e9 waffle et popeline 100 % coton Dimensions: 120 x 60 x 38 cm de hauteur Caract\u00e9ristiques: Couette r\u00e9versible \/ Les deux \u00e9l\u00e9ments comprennent un rembourrage et sont d\u00e9houssables Couleur: Vert &#8211; Vichy \/ Beige &#8211; Vichy<\/p>\n","protected":false},"featured_media":29256,"template":"","meta":[],"product_brand":[],"product_cat":[1821],"product_tag":[2330],"class_list":{"0":"post-29288","1":"product","2":"type-product","3":"status-publish","4":"has-post-thumbnail","6":"product_cat-complements-berceaux","7":"product_tag-lauki","9":"first","10":"instock","11":"shipping-taxable","12":"product-type-simple"},"_links":{"self":[{"href":"https:\/\/micuna.com\/fr\/wp-json\/wp\/v2\/product\/29288","targetHints":{"allow":["GET"]}}],"collection":[{"href":"https:\/\/micuna.com\/fr\/wp-json\/wp\/v2\/product"}],"about":[{"href":"https:\/\/micuna.com\/fr\/wp-json\/wp\/v2\/types\/product"}],"wp:featuredmedia":[{"embeddable":true,"href":"https:\/\/micuna.com\/fr\/wp-json\/wp\/v2\/media\/29256"}],"wp:attachment":[{"href":"https:\/\/micuna.com\/fr\/wp-json\/wp\/v2\/media?parent=29288"}],"wp:term":[{"taxonomy":"product_brand","embeddable":true,"href":"https:\/\/micuna.com\/fr\/wp-json\/wp\/v2\/product_brand?post=29288"},{"taxonomy":"product_cat","embeddable":true,"href":"https:\/\/micuna.com\/fr\/wp-json\/wp\/v2\/product_cat?post=29288"},{"taxonomy":"product_tag","embeddable":true,"href":"https:\/\/micuna.com\/fr\/wp-json\/wp\/v2\/product_tag?post=29288"}],"curies":[{"name":"wp","href":"https:\/\/api.w.org\/{rel}","templated":true}]}}